{"id":1555,"date":"2024-06-10T14:29:19","date_gmt":"2024-06-10T14:29:19","guid":{"rendered":"http:\/\/www.hotelhannover.com\/collio\/"},"modified":"2024-06-18T08:55:39","modified_gmt":"2024-06-18T08:55:39","slug":"collio","status":"publish","type":"page","link":"https:\/\/www.hotelhannover.com\/de\/collio\/","title":{"rendered":"Collio"},"content":{"rendered":"<div class=\"wpb-content-wrapper\">[vc_row el_class=&#8220;wrap&#8220;][vc_column][vc_empty_space][\/vc_column][\/vc_row][vc_row el_class=&#8220;box-index wrap&#8220;][vc_column][vc_column_text]\n<h2>Collio<\/h2>\n<p><br clear=\"all\" \/>Der Collio, der f\u00fcr seine <strong>\u00fcppigen Weinberge<\/strong> und <strong>erlesenen Weine<\/strong> bekannt ist, ist ein weltweit einzigartiges Reiseziel, das weniger als eine Autostunde von Grado entfernt liegt. Die sanften H\u00fcgel und die gepflegten Terrassen bieten eine bezaubernde Kulisse, die man <strong>zu Fu\u00df<\/strong> oder <strong>mit dem Fahrrad<\/strong> erkunden kann: ein Paradies f\u00fcr Liebhaber von Outdoor-Aktivit\u00e4ten zwischen <strong>malerischen Wegen<\/strong> und <strong>Wasserl\u00e4ufen<\/strong>, perfekt f\u00fcr Wassersportarten wie <strong>Rudern<\/strong> und <strong>Kajakfahren<\/strong>.<br \/>\n<br clear=\"all\" \/>Eingebettet zwischen seinen H\u00fcgeln liegt das <strong>Schloss von Spessa<\/strong>, ein urspr\u00fcngliches Juwel, das die Besucher mit seiner tausendj\u00e4hrigen Geschichte und der atemberaubenden Landschaft, die es umgibt, verzaubert. Dieser Ort verk\u00f6rpert die Eleganz und die Bedeutung des Ortes in der Vergangenheit, bewahrt jahrhundertealte Geheimnisse und l\u00e4dt die Besucher ein, seine faszinierende Geschichte zu entdecken. Wie? Probieren Sie die <strong>Weine des Anwesens<\/strong>, tauchen Sie in die <strong>kulinarische Tradition<\/strong> ein und erleben Sie unvergessliche Stunden in den Weinbergen und den G\u00e4rten des Schlosses. Entdecken Sie dieses Land voller Charme und Authentizit\u00e4t, wo sich die Sch\u00f6nheit der Natur harmonisch mit der Geschichte und der <strong>lokalen \u00f6nogastronomischen Tradition<\/strong> verbindet.[\/vc_column_text][vc_btn title=&#8220;Entdecken Sie das Collio und das Schloss von Spessa&#8220; color=&#8220;danger&#8220; link=&#8220;url:https%3A%2F%2Fwww.castellodispessa.it%2Fde|target:_blank&#8220;][\/vc_column][\/vc_row]\n<\/div>","protected":false},"excerpt":{"rendered":"<p>[vc_row el_class=&#8220;wrap&#8220;][vc_column][vc_empty_space][\/vc_column][\/vc_row][vc_row el_class=&#8220;box-index wrap&#8220;][vc_column][vc_column_text] Collio Der Collio, der f\u00fcr seine \u00fcppigen Weinberge und erlesenen Weine bekannt ist, ist ein weltweit einzigartiges Reiseziel, das weniger als eine Autostunde von Grado entfernt liegt. Die sanften H\u00fcgel und die gepflegten Terrassen bieten eine bezaubernde Kulisse, die man zu Fu\u00df oder mit dem Fahrrad erkunden kann: ein Paradies f\u00fcr [&hellip;]<\/p>\n","protected":false},"author":29,"featured_media":0,"parent":0,"menu_order":0,"comment_status":"closed","ping_status":"closed","template":"","meta":{"_genesis_hide_title":false,"_genesis_hide_breadcrumbs":false,"_genesis_hide_singular_image":false,"_genesis_hide_footer_widgets":false,"_genesis_custom_body_class":"","_genesis_custom_post_class":"","_genesis_layout":"","footnotes":""},"class_list":{"0":"post-1555","1":"page","2":"type-page","3":"status-publish","5":"entry"},"yoast_head":"<!-- This site is optimized with the Yoast SEO plugin v25.7 - https:\/\/yoast.com\/wordpress\/plugins\/seo\/ -->\n<title>Collio - Hotel Hannover<\/title>\n<meta name=\"description\" content=\"Collio, Hotel Hannover:\" \/>\n<meta name=\"robots\" content=\"index, follow, max-snippet:-1, max-image-preview:large, max-video-preview:-1\" \/>\n<link rel=\"canonical\" href=\"https:\/\/www.hotelhannover.com\/de\/collio\/\" \/>\n<meta property=\"og:locale\" content=\"de_DE\" \/>\n<meta property=\"og:type\" content=\"article\" \/>\n<meta property=\"og:title\" content=\"Collio - Hotel Hannover\" \/>\n<meta property=\"og:description\" content=\"Collio, Hotel Hannover:\" \/>\n<meta property=\"og:url\" content=\"https:\/\/www.hotelhannover.com\/de\/collio\/\" \/>\n<meta property=\"og:site_name\" content=\"Hotel Hannover\" \/>\n<meta property=\"article:modified_time\" content=\"2024-06-18T08:55:39+00:00\" \/>\n<meta name=\"twitter:label1\" content=\"Gesch\u00e4tzte Lesezeit\" \/>\n\t<meta name=\"twitter:data1\" content=\"1\u00a0Minute\" \/>\n<script type=\"application\/ld+json\" class=\"yoast-schema-graph\">{\"@context\":\"https:\/\/schema.org\",\"@graph\":[{\"@type\":\"WebPage\",\"@id\":\"https:\/\/www.hotelhannover.com\/de\/collio\/\",\"url\":\"https:\/\/www.hotelhannover.com\/de\/collio\/\",\"name\":\"Collio - Hotel Hannover\",\"isPartOf\":{\"@id\":\"https:\/\/www.hotelhannover.com\/de\/#website\"},\"datePublished\":\"2024-06-10T14:29:19+00:00\",\"dateModified\":\"2024-06-18T08:55:39+00:00\",\"description\":\"Collio, Hotel Hannover:\",\"breadcrumb\":{\"@id\":\"https:\/\/www.hotelhannover.com\/de\/collio\/#breadcrumb\"},\"inLanguage\":\"de\",\"potentialAction\":[{\"@type\":\"ReadAction\",\"target\":[\"https:\/\/www.hotelhannover.com\/de\/collio\/\"]}]},{\"@type\":\"BreadcrumbList\",\"@id\":\"https:\/\/www.hotelhannover.com\/de\/collio\/#breadcrumb\",\"itemListElement\":[{\"@type\":\"ListItem\",\"position\":1,\"name\":\"Home\",\"item\":\"https:\/\/www.hotelhannover.com\/de\/\"},{\"@type\":\"ListItem\",\"position\":2,\"name\":\"Collio\"}]},{\"@type\":\"WebSite\",\"@id\":\"https:\/\/www.hotelhannover.com\/de\/#website\",\"url\":\"https:\/\/www.hotelhannover.com\/de\/\",\"name\":\"Hotel Hannover\",\"description\":\"\",\"potentialAction\":[{\"@type\":\"SearchAction\",\"target\":{\"@type\":\"EntryPoint\",\"urlTemplate\":\"https:\/\/www.hotelhannover.com\/de\/?s={search_term_string}\"},\"query-input\":{\"@type\":\"PropertyValueSpecification\",\"valueRequired\":true,\"valueName\":\"search_term_string\"}}],\"inLanguage\":\"de\"}]}<\/script>\n<!-- \/ Yoast SEO plugin. -->","yoast_head_json":{"title":"Collio - Hotel Hannover","description":"Collio, Hotel Hannover:","robots":{"index":"index","follow":"follow","max-snippet":"max-snippet:-1","max-image-preview":"max-image-preview:large","max-video-preview":"max-video-preview:-1"},"canonical":"https:\/\/www.hotelhannover.com\/de\/collio\/","og_locale":"de_DE","og_type":"article","og_title":"Collio - Hotel Hannover","og_description":"Collio, Hotel Hannover:","og_url":"https:\/\/www.hotelhannover.com\/de\/collio\/","og_site_name":"Hotel Hannover","article_modified_time":"2024-06-18T08:55:39+00:00","twitter_misc":{"Gesch\u00e4tzte Lesezeit":"1\u00a0Minute"},"schema":{"@context":"https:\/\/schema.org","@graph":[{"@type":"WebPage","@id":"https:\/\/www.hotelhannover.com\/de\/collio\/","url":"https:\/\/www.hotelhannover.com\/de\/collio\/","name":"Collio - Hotel Hannover","isPartOf":{"@id":"https:\/\/www.hotelhannover.com\/de\/#website"},"datePublished":"2024-06-10T14:29:19+00:00","dateModified":"2024-06-18T08:55:39+00:00","description":"Collio, Hotel Hannover:","breadcrumb":{"@id":"https:\/\/www.hotelhannover.com\/de\/collio\/#breadcrumb"},"inLanguage":"de","potentialAction":[{"@type":"ReadAction","target":["https:\/\/www.hotelhannover.com\/de\/collio\/"]}]},{"@type":"BreadcrumbList","@id":"https:\/\/www.hotelhannover.com\/de\/collio\/#breadcrumb","itemListElement":[{"@type":"ListItem","position":1,"name":"Home","item":"https:\/\/www.hotelhannover.com\/de\/"},{"@type":"ListItem","position":2,"name":"Collio"}]},{"@type":"WebSite","@id":"https:\/\/www.hotelhannover.com\/de\/#website","url":"https:\/\/www.hotelhannover.com\/de\/","name":"Hotel Hannover","description":"","potentialAction":[{"@type":"SearchAction","target":{"@type":"EntryPoint","urlTemplate":"https:\/\/www.hotelhannover.com\/de\/?s={search_term_string}"},"query-input":{"@type":"PropertyValueSpecification","valueRequired":true,"valueName":"search_term_string"}}],"inLanguage":"de"}]}},"publishpress_future_action":{"enabled":false,"date":"2026-05-07 13:31:15","action":"change-status","newStatus":"draft","terms":[],"taxonomy":"translation_priority","extraData":[]},"publishpress_future_workflow_manual_trigger":{"enabledWorkflows":[]},"_links":{"self":[{"href":"https:\/\/www.hotelhannover.com\/de\/wp-json\/wp\/v2\/pages\/1555","targetHints":{"allow":["GET"]}}],"collection":[{"href":"https:\/\/www.hotelhannover.com\/de\/wp-json\/wp\/v2\/pages"}],"about":[{"href":"https:\/\/www.hotelhannover.com\/de\/wp-json\/wp\/v2\/types\/page"}],"author":[{"embeddable":true,"href":"https:\/\/www.hotelhannover.com\/de\/wp-json\/wp\/v2\/users\/29"}],"replies":[{"embeddable":true,"href":"https:\/\/www.hotelhannover.com\/de\/wp-json\/wp\/v2\/comments?post=1555"}],"version-history":[{"count":6,"href":"https:\/\/www.hotelhannover.com\/de\/wp-json\/wp\/v2\/pages\/1555\/revisions"}],"predecessor-version":[{"id":2298,"href":"https:\/\/www.hotelhannover.com\/de\/wp-json\/wp\/v2\/pages\/1555\/revisions\/2298"}],"wp:attachment":[{"href":"https:\/\/www.hotelhannover.com\/de\/wp-json\/wp\/v2\/media?parent=1555"}],"curies":[{"name":"wp","href":"https:\/\/api.w.org\/{rel}","templated":true}]}}