{"id":1268,"date":"2016-05-03T07:47:30","date_gmt":"2016-05-03T07:47:30","guid":{"rendered":"http:\/\/www.hotelhannover.com\/de\/?page_id=1268"},"modified":"2016-05-06T09:23:29","modified_gmt":"2016-05-06T09:23:29","slug":"wie-sie-uns-erreichen","status":"publish","type":"page","link":"https:\/\/www.hotelhannover.com\/de\/wie-sie-uns-erreichen\/","title":{"rendered":"Wie Sie uns erreichen"},"content":{"rendered":"<div class=\"wpb-content-wrapper\">[vc_row el_class=&#8220;wrap&#8220;][vc_column][vc_gmaps link=&#8220;#E-8_JTNDaWZyYW1lJTIwc3JjJTNEJTIyaHR0cCUzQSUyRiUyRnd3dy5ob3RlbGhhbm5vdmVyLmNvbSUyRndwLWNvbnRlbnQlMkZ0aGVtZXMlMkZob3RlbGhhbm5vdmVyJTJGbWFwcGEuaHRtJTIyJTIwd2lkdGglM0QlMjIxMDAlMjUlMjIlMjBoZWlnaHQlM0QlMjI1NTBweCUyMiUyMGZyYW1lYm9yZGVyJTNEJTIyMCUyMiUzRSUzQyUyRmlmcmFtZSUzRQ==&#8220; el_class=&#8220;wrap&#8220;][vc_column_text]\n<h3>Hotel Hannover<\/h3>\n<p>Piazza XXVI Maggio, 10<br \/>\n34073 Grado (GO)<br \/>\nTel. +39 0431 82264<\/p>\n<h3>Mit dem Zug<\/h3>\n<p>Die n\u00e4chsten Bahnh\u00f6fe in der N\u00e4he von Grado sind der Bahnhof in Cervignano del Friuli (16 Km) und der Bahnhof in Udine (45 Km). Der Busbahnhof mit den Bussen, die Grado mit den Bahnh\u00f6fen verbinden, liegt nur 200 Meter vom Hotel entfernt.<\/p>\n<h3>Mit dem Flugzeug<\/h3>\n<p>Die Flugh\u00e4fen in der N\u00e4he von Grado sind der Flughafen Trieste\/Ronchi dei Legionari (18 km), Venedig (120 km) und Treviso (130 km); um Grado vom Flughafen von Triest aus zu erreichen, k\u00f6nnen Sie mit einem Shuttlebus der Liniengesellschaft ATP fahren; kommen Sie indessen in Venedig oder Treviso an, dann fahren Sie mit einem Shuttlebus zuerst an den Bahnhof, fahren von dort mit dem Zug bis nach Udine oder Cervignano und folgen dann den Hinweisen wie in der Beschreibung &#8222;Mit dem Zug&#8220;.<\/p>\n<h3>Mit dem Auto<\/h3>\n<p>Von der Autobahn A4 (Venedig\/Triest) oder von der Autobahn A 23 (Tarvisio\/Udine) kommend, fahren Sie in Palmanova ab und weiter in Richtung Cervignano\/Aquileia\/Grado. Nach etwa 28 km haben Sie das Zentrum erreicht, wo Sie den ersten Kreisverkehr komplett umrunden, um sich dann auf die Riva Gregori Zaccaria zu begeben. Dort biegen Sie nach rechts in die Via Alessandro Manzoni ein, fahren etwa 100 Meter weiter, um dann in die Via Camperio einzubiegen, dort geht es erneut nach rechts auf die Piazza XXVI Maggio, an der Sie auch schon das Hotel Hannover erwartet.[\/vc_column_text][vc_raw_html]JTNDYSUyMGhyZWYlM0QlMjJqYXZhc2NyaXB0JTNBdGhpcy53aW5kb3cucHJpbnQlMjglMjklM0IlMjIlM0VEcnVja2VuJTNDJTJGYSUzRQ==[\/vc_raw_html][\/vc_column][\/vc_row]\n<\/div>","protected":false},"excerpt":{"rendered":"<p>[vc_row el_class=&#8220;wrap&#8220;][vc_column][vc_gmaps link=&#8220;#E-8_JTNDaWZyYW1lJTIwc3JjJTNEJTIyaHR0cCUzQSUyRiUyRnd3dy5ob3RlbGhhbm5vdmVyLmNvbSUyRndwLWNvbnRlbnQlMkZ0aGVtZXMlMkZob3RlbGhhbm5vdmVyJTJGbWFwcGEuaHRtJTIyJTIwd2lkdGglM0QlMjIxMDAlMjUlMjIlMjBoZWlnaHQlM0QlMjI1NTBweCUyMiUyMGZyYW1lYm9yZGVyJTNEJTIyMCUyMiUzRSUzQyUyRmlmcmFtZSUzRQ==&#8220; el_class=&#8220;wrap&#8220;][vc_column_text] Hotel Hannover Piazza XXVI Maggio, 10 34073 Grado (GO) Tel. +39 0431 82264 Mit dem Zug Die n\u00e4chsten Bahnh\u00f6fe in der N\u00e4he von Grado sind der Bahnhof in Cervignano del Friuli (16 Km) und der Bahnhof in Udine (45 Km). Der Busbahnhof mit den Bussen, die Grado mit den Bahnh\u00f6fen verbinden, [&hellip;]<\/p>\n","protected":false},"author":29,"featured_media":0,"parent":0,"menu_order":0,"comment_status":"closed","ping_status":"closed","template":"page_landing.php","meta":{"_genesis_hide_title":false,"_genesis_hide_breadcrumbs":false,"_genesis_hide_singular_image":false,"_genesis_hide_footer_widgets":false,"_genesis_custom_body_class":"comeraggiungerci","_genesis_custom_post_class":"","_genesis_layout":"","footnotes":""},"class_list":{"0":"post-1268","1":"page","2":"type-page","3":"status-publish","5":"entry"},"yoast_head":"<!-- This site is optimized with the Yoast SEO plugin v25.7 - https:\/\/yoast.com\/wordpress\/plugins\/seo\/ -->\n<title>Wie Sie uns erreichen - Hotel Hannover<\/title>\n<meta name=\"description\" content=\"Wie Sie uns erreichen, Hotel Hannover:\" \/>\n<meta name=\"robots\" content=\"noindex, nofollow\" \/>\n<meta property=\"og:locale\" content=\"de_DE\" \/>\n<meta property=\"og:type\" content=\"article\" \/>\n<meta property=\"og:title\" content=\"Wie Sie uns erreichen - Hotel Hannover\" \/>\n<meta property=\"og:description\" content=\"Wie Sie uns erreichen, Hotel Hannover:\" \/>\n<meta property=\"og:url\" content=\"https:\/\/www.hotelhannover.com\/de\/wie-sie-uns-erreichen\/\" \/>\n<meta property=\"og:site_name\" content=\"Hotel Hannover\" \/>\n<meta property=\"article:modified_time\" content=\"2016-05-06T09:23:29+00:00\" \/>\n<meta name=\"twitter:label1\" content=\"Gesch\u00e4tzte Lesezeit\" \/>\n\t<meta name=\"twitter:data1\" content=\"1\u00a0Minute\" \/>\n<script type=\"application\/ld+json\" class=\"yoast-schema-graph\">{\"@context\":\"https:\/\/schema.org\",\"@graph\":[{\"@type\":\"WebPage\",\"@id\":\"https:\/\/www.hotelhannover.com\/de\/wie-sie-uns-erreichen\/\",\"url\":\"https:\/\/www.hotelhannover.com\/de\/wie-sie-uns-erreichen\/\",\"name\":\"Wie Sie uns erreichen - Hotel Hannover\",\"isPartOf\":{\"@id\":\"https:\/\/www.hotelhannover.com\/de\/#website\"},\"datePublished\":\"2016-05-03T07:47:30+00:00\",\"dateModified\":\"2016-05-06T09:23:29+00:00\",\"description\":\"Wie Sie uns erreichen, Hotel Hannover:\",\"breadcrumb\":{\"@id\":\"https:\/\/www.hotelhannover.com\/de\/wie-sie-uns-erreichen\/#breadcrumb\"},\"inLanguage\":\"de\",\"potentialAction\":[{\"@type\":\"ReadAction\",\"target\":[\"https:\/\/www.hotelhannover.com\/de\/wie-sie-uns-erreichen\/\"]}]},{\"@type\":\"BreadcrumbList\",\"@id\":\"https:\/\/www.hotelhannover.com\/de\/wie-sie-uns-erreichen\/#breadcrumb\",\"itemListElement\":[{\"@type\":\"ListItem\",\"position\":1,\"name\":\"Home\",\"item\":\"https:\/\/www.hotelhannover.com\/de\/\"},{\"@type\":\"ListItem\",\"position\":2,\"name\":\"Wie Sie uns erreichen\"}]},{\"@type\":\"WebSite\",\"@id\":\"https:\/\/www.hotelhannover.com\/de\/#website\",\"url\":\"https:\/\/www.hotelhannover.com\/de\/\",\"name\":\"Hotel Hannover\",\"description\":\"\",\"potentialAction\":[{\"@type\":\"SearchAction\",\"target\":{\"@type\":\"EntryPoint\",\"urlTemplate\":\"https:\/\/www.hotelhannover.com\/de\/?s={search_term_string}\"},\"query-input\":{\"@type\":\"PropertyValueSpecification\",\"valueRequired\":true,\"valueName\":\"search_term_string\"}}],\"inLanguage\":\"de\"}]}<\/script>\n<!-- \/ Yoast SEO plugin. -->","yoast_head_json":{"title":"Wie Sie uns erreichen - Hotel Hannover","description":"Wie Sie uns erreichen, Hotel Hannover:","robots":{"index":"noindex","follow":"nofollow"},"og_locale":"de_DE","og_type":"article","og_title":"Wie Sie uns erreichen - Hotel Hannover","og_description":"Wie Sie uns erreichen, Hotel Hannover:","og_url":"https:\/\/www.hotelhannover.com\/de\/wie-sie-uns-erreichen\/","og_site_name":"Hotel Hannover","article_modified_time":"2016-05-06T09:23:29+00:00","twitter_misc":{"Gesch\u00e4tzte Lesezeit":"1\u00a0Minute"},"schema":{"@context":"https:\/\/schema.org","@graph":[{"@type":"WebPage","@id":"https:\/\/www.hotelhannover.com\/de\/wie-sie-uns-erreichen\/","url":"https:\/\/www.hotelhannover.com\/de\/wie-sie-uns-erreichen\/","name":"Wie Sie uns erreichen - Hotel Hannover","isPartOf":{"@id":"https:\/\/www.hotelhannover.com\/de\/#website"},"datePublished":"2016-05-03T07:47:30+00:00","dateModified":"2016-05-06T09:23:29+00:00","description":"Wie Sie uns erreichen, Hotel Hannover:","breadcrumb":{"@id":"https:\/\/www.hotelhannover.com\/de\/wie-sie-uns-erreichen\/#breadcrumb"},"inLanguage":"de","potentialAction":[{"@type":"ReadAction","target":["https:\/\/www.hotelhannover.com\/de\/wie-sie-uns-erreichen\/"]}]},{"@type":"BreadcrumbList","@id":"https:\/\/www.hotelhannover.com\/de\/wie-sie-uns-erreichen\/#breadcrumb","itemListElement":[{"@type":"ListItem","position":1,"name":"Home","item":"https:\/\/www.hotelhannover.com\/de\/"},{"@type":"ListItem","position":2,"name":"Wie Sie uns erreichen"}]},{"@type":"WebSite","@id":"https:\/\/www.hotelhannover.com\/de\/#website","url":"https:\/\/www.hotelhannover.com\/de\/","name":"Hotel Hannover","description":"","potentialAction":[{"@type":"SearchAction","target":{"@type":"EntryPoint","urlTemplate":"https:\/\/www.hotelhannover.com\/de\/?s={search_term_string}"},"query-input":{"@type":"PropertyValueSpecification","valueRequired":true,"valueName":"search_term_string"}}],"inLanguage":"de"}]}},"publishpress_future_action":{"enabled":false,"date":"2026-05-07 14:51:36","action":"change-status","newStatus":"draft","terms":[],"taxonomy":"translation_priority","extraData":[]},"publishpress_future_workflow_manual_trigger":{"enabledWorkflows":[]},"_links":{"self":[{"href":"https:\/\/www.hotelhannover.com\/de\/wp-json\/wp\/v2\/pages\/1268","targetHints":{"allow":["GET"]}}],"collection":[{"href":"https:\/\/www.hotelhannover.com\/de\/wp-json\/wp\/v2\/pages"}],"about":[{"href":"https:\/\/www.hotelhannover.com\/de\/wp-json\/wp\/v2\/types\/page"}],"author":[{"embeddable":true,"href":"https:\/\/www.hotelhannover.com\/de\/wp-json\/wp\/v2\/users\/29"}],"replies":[{"embeddable":true,"href":"https:\/\/www.hotelhannover.com\/de\/wp-json\/wp\/v2\/comments?post=1268"}],"version-history":[{"count":1,"href":"https:\/\/www.hotelhannover.com\/de\/wp-json\/wp\/v2\/pages\/1268\/revisions"}],"predecessor-version":[{"id":1360,"href":"https:\/\/www.hotelhannover.com\/de\/wp-json\/wp\/v2\/pages\/1268\/revisions\/1360"}],"wp:attachment":[{"href":"https:\/\/www.hotelhannover.com\/de\/wp-json\/wp\/v2\/media?parent=1268"}],"curies":[{"name":"wp","href":"https:\/\/api.w.org\/{rel}","templated":true}]}}