{"id":117,"date":"2013-09-03T15:09:50","date_gmt":"2013-09-03T15:09:50","guid":{"rendered":"http:\/\/www.hotelhannover.com\/?page_id=117"},"modified":"2026-02-12T08:55:16","modified_gmt":"2026-02-12T08:55:16","slug":"home-6","status":"publish","type":"page","link":"https:\/\/www.hotelhannover.com\/de\/","title":{"rendered":"Home"},"content":{"rendered":"<div class=\"wpb-content-wrapper\">[vc_row el_class=&#8220;wrap icone-home&#8220;][vc_column][vc_column_text]\n<h1>Hotel Hannover Grado<\/h1>\n<h2><em>Im Herzen von Grado<\/em><\/h2>\n[\/vc_column_text][\/vc_column][\/vc_row][vc_row][vc_column][vc_empty_space][\/vc_column][\/vc_row][vc_row el_class=&#8220;box-index wrap&#8220;][vc_column][vc_column_text el_class=&#8220;wrap&#8220;]Das <strong>Hotel Hannover<\/strong>, ein Juwel mit <strong>4 Sternen<\/strong>, bietet dank all seiner Annehmlichkeiten ein <strong>unvergessliches Urlaubserlebnis<\/strong>. Das Personal steht Ihnen jederzeit zur Verf\u00fcgung, um Ihnen die Geheimnisse der <strong>Isola del Sole<\/strong>, eines der bezauberndsten Reiseziele an der Adria, zu enth\u00fcllen.<br \/>\n<br clear=\"all\" \/>Das <strong>im Herzen von Grado<\/strong> gelegene Hotel blickt auf den malerischen Fischerhafen, eine wichtige Touristenanlegestelle, und bietet eine elegante und raffinierte Atmosph\u00e4re, die ideal f\u00fcr einen unvergesslichen Urlaub ist. Neben der starken Verbindung zu Grado zeichnet sich das Hotel Hannover \u00fcber eine besondere Verbindung zum <strong>Collio<\/strong> aus, dank seiner <strong>Weinbar<\/strong>, die eine exklusive Weinkarte von <strong>Castello di Spessa<\/strong> bietet.<br \/>\n<br clear=\"all\" \/>Ob Freunde der <strong>Weingastronomie<\/strong>, Sportler auf der Suche nach Abenteuern, Vergn\u00fcgungssuchende oder Kunstliebhaber: das Hotel Hannover ist der perfekte Ausgangspunkt, um all die Wunder zu entdecken, die diese faszinierende Stadt zu bieten hat.<br \/>\n<br clear=\"all\" \/><\/p>\n<div style=\"text-align: center;\"><a title=\"Hotel Hannover\" href=\"https:\/\/reviews.customer-alliance.com\/hotel\/hotel-hannover-grado-2vJW34241gF4.html?_locale=de\" target=\"_blank\" rel=\"noopener\"><img decoding=\"async\" src=\"https:\/\/widget.customer-alliance.com\/reviews\/image\/de\/hotel-hannover-grado\/2vJW34241gF4-263-200-slimrank.png?smallheight=0&amp;showReviewText=0&amp;showAverageRating=1&amp;showTotalReviews=1&amp;showNumberOfPortals=1&amp;headerBgColor=a83d3d&amp;ratingValueColor=343434\" alt=\"Hotel Hannover\" \/><\/a><\/div>\n[\/vc_column_text][\/vc_column][\/vc_row][vc_row el_class=&#8220;wrap&#8220;][vc_column][vc_empty_space][vc_column_text css=&#8220;&#8220; el_class=&#8220;box_liste&#8220;]\n<h3>H\u00e4ufig gestellte Fragen zum Hotel Hannover<\/h3>\n[\/vc_column_text][vc_empty_space][\/vc_column][\/vc_row][vc_row el_class=&#8220;wrap&#8220;][vc_column][vc_toggle title=&#8220;Wo befindet sich das Hotel Hannover und was macht es besonders?&#8220; style=&#8220;square&#8220; color=&#8220;juicy_pink&#8220; size=&#8220;lg&#8220; css=&#8220;&#8220;]Das Hotel Hannover befindet sich im Herzen von Grado, nur wenige Schritte vom historischen Zentrum und den Str\u00e4nden entfernt, mit Blick auf den malerischen Fischerhafen. Die zentrale Lage und das elegante Ambiente machen es zur idealen Wahl, um den Charme der \u201eSonneninsel\u201c in vollen Z\u00fcgen zu genie\u00dfen.[\/vc_toggle][vc_toggle title=&#8220;Welche Art von Aufenthalt bietet das Hotel Hannover?&#8220; style=&#8220;square&#8220; color=&#8220;juicy_pink&#8220; size=&#8220;lg&#8220; css=&#8220;&#8220;]Das Hotel Hannover ist ein 4-Sterne-Hotel, das Komfort, stilvolle Gastfreundschaft und besondere Aufmerksamkeit f\u00fcr Details vereint. Das Team steht den G\u00e4sten jederzeit zur Verf\u00fcgung, um die Sch\u00f6nheiten von Grado und Umgebung zu entdecken.[\/vc_toggle][vc_toggle title=&#8220;Ist das Hotel Hannover f\u00fcr verschiedene Reisetypen geeignet?&#8220; style=&#8220;square&#8220; color=&#8220;juicy_pink&#8220; size=&#8220;lg&#8220; css=&#8220;&#8220;]Ja, das Hotel Hannover in Grado ist der ideale Ausgangspunkt f\u00fcr Genie\u00dfer, Sportbegeisterte, Kulturliebhaber und Erholungssuchende. Dank seiner strategischen Lage und durchdachten Serviceleistungen bietet es ein rundum gelungenes Urlaubserlebnis.[\/vc_toggle][vc_toggle title=&#8220;Warum sollte ich direkt \u00fcber die offizielle Website buchen?&#8220; style=&#8220;square&#8220; color=&#8220;juicy_pink&#8220; size=&#8220;lg&#8220; css=&#8220;&#8220;]Eine Direktbuchung \u00fcber die offizielle Website des Hotel Hannover garantiert den besten verf\u00fcgbaren Preis und Buchungsbedingungen.<\/p>\n<p><a href=\"https:\/\/book.hotelhannover.com\/accommodation\/list?channelId=61e1d25a-cd09-4826-9749-bbef801d7717&amp;culture=de\">Jetzt Verf\u00fcgbarkeit pr\u00fcfen!<\/a>[\/vc_toggle][vc_raw_js]JTNDc2NyaXB0JTIwdHlwZSUzRCUyMmFwcGxpY2F0aW9uJTJGbGQlMkJqc29uJTIyJTNFJTBBJTdCJTBBJTIwJTIwJTIyJTQwY29udGV4dCUyMiUzQSUyMCUyMmh0dHBzJTNBJTJGJTJGc2NoZW1hLm9yZyUyMiUyQyUwQSUyMCUyMCUyMiU0MGdyYXBoJTIyJTNBJTIwJTVCJTBBJTIwJTIwJTIwJTIwJTdCJTBBJTIwJTIwJTIwJTIwJTIwJTIwJTIyJTQwdHlwZSUyMiUzQSUyMCUyMkJyZWFkY3J1bWJMaXN0JTIyJTJDJTBBJTIwJTIwJTIwJTIwJTIwJTIwJTIyJTQwaWQlMjIlM0ElMjAlMjJodHRwcyUzQSUyRiUyRnd3dy5ob3RlbGhhbm5vdmVyLmNvbSUyRmRlJTJGJTIzYnJlYWRjcnVtYiUyMiUyQyUwQSUyMCUyMCUyMCUyMCUyMCUyMCUyMml0ZW1MaXN0RWxlbWVudCUyMiUzQSUyMCU1QiUwQSUyMCUyMCUyMCUyMCUyMCUyMCUyMCUyMCU3QiUwQSUyMCUyMCUyMCUyMCUyMCUyMCUyMCUyMCUyMCUyMCUyMiU0MHR5cGUlMjIlM0ElMjAlMjJMaXN0SXRlbSUyMiUyQyUwQSUyMCUyMCUyMCUyMCUyMCUyMCUyMCUyMCUyMCUyMCUyMnBvc2l0aW9uJTIyJTNBJTIwMSUyQyUwQSUyMCUyMCUyMCUyMCUyMCUyMCUyMCUyMCUyMCUyMCUyMm5hbWUlMjIlM0ElMjAlMjJTdGFydHNlaXRlJTIyJTJDJTBBJTIwJTIwJTIwJTIwJTIwJTIwJTIwJTIwJTIwJTIwJTIyaXRlbSUyMiUzQSUyMCUyMmh0dHBzJTNBJTJGJTJGd3d3LmhvdGVsaGFubm92ZXIuY29tJTJGZGUlMkYlMjIlMEElMjAlMjAlMjAlMjAlMjAlMjAlMjAlMjAlN0QlMEElMjAlMjAlMjAlMjAlMjAlMjAlNUQlMEElMjAlMjAlMjAlMjAlN0QlMkMlMEElMjAlMjAlMjAlMjAlN0IlMEElMjAlMjAlMjAlMjAlMjAlMjAlMjIlNDB0eXBlJTIyJTNBJTIwJTIyRkFRUGFnZSUyMiUyQyUwQSUyMCUyMCUyMCUyMCUyMCUyMCUyMiU0MGlkJTIyJTNBJTIwJTIyaHR0cHMlM0ElMkYlMkZ3d3cuaG90ZWxoYW5ub3Zlci5jb20lMkZkZSUyRiUyM2ZhcSUyMiUyQyUwQSUyMCUyMCUyMCUyMCUyMCUyMCUyMmluTGFuZ3VhZ2UlMjIlM0ElMjAlMjJkZSUyMiUyQyUwQSUyMCUyMCUyMCUyMCUyMCUyMCUyMm1haW5FbnRpdHklMjIlM0ElMjAlNUIlMEElMjAlMjAlMjAlMjAlMjAlMjAlMjAlMjAlN0IlMEElMjAlMjAlMjAlMjAlMjAlMjAlMjAlMjAlMjAlMjAlMjIlNDB0eXBlJTIyJTNBJTIwJTIyUXVlc3Rpb24lMjIlMkMlMEElMjAlMjAlMjAlMjAlMjAlMjAlMjAlMjAlMjAlMjAlMjJuYW1lJTIyJTNBJTIwJTIyV28lMjBiZWZpbmRldCUyMHNpY2glMjBkYXMlMjBIb3RlbCUyMEhhbm5vdmVyJTIwdW5kJTIwd2FzJTIwbWFjaHQlMjBlcyUyMGJlc29uZGVycyUzRiUyMiUyQyUwQSUyMCUyMCUyMCUyMCUyMCUyMCUyMCUyMCUyMCUyMCUyMmFjY2VwdGVkQW5zd2VyJTIyJTNBJTIwJTdCJTBBJTIwJTIwJTIwJTIwJTIwJTIwJTIwJTIwJTIwJTIwJTIwJTIwJTIyJTQwdHlwZSUyMiUzQSUyMCUyMkFuc3dlciUyMiUyQyUwQSUyMCUyMCUyMCUyMCUyMCUyMCUyMCUyMCUyMCUyMCUyMCUyMCUyMnRleHQlMjIlM0ElMjAlMjJEYXMlMjBIb3RlbCUyMEhhbm5vdmVyJTIwYmVmaW5kZXQlMjBzaWNoJTIwaW0lMjBIZXJ6ZW4lMjB2b24lMjBHcmFkbyUyQyUyMG51ciUyMHdlbmlnZSUyMFNjaHJpdHRlJTIwdm9tJTIwaGlzdG9yaXNjaGVuJTIwWmVudHJ1bSUyMHVuZCUyMGRlbiUyMFN0ciVDMyVBNG5kZW4lMjBlbnRmZXJudCUyQyUyMG1pdCUyMEJsaWNrJTIwYXVmJTIwZGVuJTIwbWFsZXJpc2NoZW4lMjBGaXNjaGVyaGFmZW4uJTIwRGllJTIwemVudHJhbGUlMjBMYWdlJTIwdW5kJTIwZGFzJTIwZWxlZ2FudGUlMjBBbWJpZW50ZSUyMG1hY2hlbiUyMGVzJTIwenVyJTIwaWRlYWxlbiUyMFdhaGwlMkMlMjB1bSUyMGRlbiUyMENoYXJtZSUyMGRlciUyMCVFMiU4MCU5RVNvbm5lbmluc2VsJUUyJTgwJTlDJTIwaW4lMjB2b2xsZW4lMjBaJUMzJUJDZ2VuJTIwenUlMjBnZW5pZSVDMyU5RmVuLiUyMiUwQSUyMCUyMCUyMCUyMCUyMCUyMCUyMCUyMCUyMCUyMCU3RCUwQSUyMCUyMCUyMCUyMCUyMCUyMCUyMCUyMCU3RCUyQyUwQSUyMCUyMCUyMCUyMCUyMCUyMCUyMCUyMCU3QiUwQSUyMCUyMCUyMCUyMCUyMCUyMCUyMCUyMCUyMCUyMCUyMiU0MHR5cGUlMjIlM0ElMjAlMjJRdWVzdGlvbiUyMiUyQyUwQSUyMCUyMCUyMCUyMCUyMCUyMCUyMCUyMCUyMCUyMCUyMm5hbWUlMjIlM0ElMjAlMjJXZWxjaGUlMjBBcnQlMjB2b24lMjBBdWZlbnRoYWx0JTIwYmlldGV0JTIwZGFzJTIwSG90ZWwlMjBIYW5ub3ZlciUzRiUyMiUyQyUwQSUyMCUyMCUyMCUyMCUyMCUyMCUyMCUyMCUyMCUyMCUyMmFjY2VwdGVkQW5zd2VyJTIyJTNBJTIwJTdCJTBBJTIwJTIwJTIwJTIwJTIwJTIwJTIwJTIwJTIwJTIwJTIwJTIwJTIyJTQwdHlwZSUyMiUzQSUyMCUyMkFuc3dlciUyMiUyQyUwQSUyMCUyMCUyMCUyMCUyMCUyMCUyMCUyMCUyMCUyMCUyMCUyMCUyMnRleHQlMjIlM0ElMjAlMjJEYXMlMjBIb3RlbCUyMEhhbm5vdmVyJTIwaXN0JTIwZWluJTIwNC1TdGVybmUtSG90ZWwlMkMlMjBkYXMlMjBLb21mb3J0JTJDJTIwc3RpbHZvbGxlJTIwR2FzdGZyZXVuZHNjaGFmdCUyMHVuZCUyMGJlc29uZGVyZSUyMEF1Zm1lcmtzYW1rZWl0JTIwZiVDMyVCQ3IlMjBEZXRhaWxzJTIwdmVyZWludC4lMjBEYXMlMjBUZWFtJTIwc3RlaHQlMjBkZW4lMjBHJUMzJUE0c3RlbiUyMGplZGVyemVpdCUyMHp1ciUyMFZlcmYlQzMlQkNndW5nJTJDJTIwdW0lMjBkaWUlMjBTY2glQzMlQjZuaGVpdGVuJTIwdm9uJTIwR3JhZG8lMjB1bmQlMjBVbWdlYnVuZyUyMHp1JTIwZW50ZGVja2VuLiUyMiUwQSUyMCUyMCUyMCUyMCUyMCUyMCUyMCUyMCUyMCUyMCU3RCUwQSUyMCUyMCUyMCUyMCUyMCUyMCUyMCUyMCU3RCUyQyUwQSUyMCUyMCUyMCUyMCUyMCUyMCUyMCUyMCU3QiUwQSUyMCUyMCUyMCUyMCUyMCUyMCUyMCUyMCUyMCUyMCUyMiU0MHR5cGUlMjIlM0ElMjAlMjJRdWVzdGlvbiUyMiUyQyUwQSUyMCUyMCUyMCUyMCUyMCUyMCUyMCUyMCUyMCUyMCUyMm5hbWUlMjIlM0ElMjAlMjJJc3QlMjBkYXMlMjBIb3RlbCUyMEhhbm5vdmVyJTIwZiVDMyVCQ3IlMjB2ZXJzY2hpZWRlbmUlMjBSZWlzZXR5cGVuJTIwZ2VlaWduZXQlM0YlMjIlMkMlMEElMjAlMjAlMjAlMjAlMjAlMjAlMjAlMjAlMjAlMjAlMjJhY2NlcHRlZEFuc3dlciUyMiUzQSUyMCU3QiUwQSUyMCUyMCUyMCUyMCUyMCUyMCUyMCUyMCUyMCUyMCUyMCUyMCUyMiU0MHR5cGUlMjIlM0ElMjAlMjJBbnN3ZXIlMjIlMkMlMEElMjAlMjAlMjAlMjAlMjAlMjAlMjAlMjAlMjAlMjAlMjAlMjAlMjJ0ZXh0JTIyJTNBJTIwJTIySmElMkMlMjBkYXMlMjBIb3RlbCUyMEhhbm5vdmVyJTIwaW4lMjBHcmFkbyUyMGlzdCUyMGRlciUyMGlkZWFsZSUyMEF1c2dhbmdzcHVua3QlMjBmJUMzJUJDciUyMEdlbmllJUMzJTlGZXIlMkMlMjBTcG9ydGJlZ2Vpc3RlcnRlJTJDJTIwS3VsdHVybGllYmhhYmVyJTIwdW5kJTIwRXJob2x1bmdzc3VjaGVuZGUuJTIwRGFuayUyMHNlaW5lciUyMHN0cmF0ZWdpc2NoZW4lMjBMYWdlJTIwdW5kJTIwZHVyY2hkYWNodGVuJTIwU2VydmljZWxlaXN0dW5nZW4lMjBiaWV0ZXQlMjBlcyUyMGVpbiUyMHJ1bmR1bSUyMGdlbHVuZ2VuZXMlMjBVcmxhdWJzZXJsZWJuaXMuJTIyJTBBJTIwJTIwJTIwJTIwJTIwJTIwJTIwJTIwJTIwJTIwJTdEJTBBJTIwJTIwJTIwJTIwJTIwJTIwJTIwJTIwJTdEJTJDJTBBJTIwJTIwJTIwJTIwJTIwJTIwJTIwJTIwJTdCJTBBJTIwJTIwJTIwJTIwJTIwJTIwJTIwJTIwJTIwJTIwJTIyJTQwdHlwZSUyMiUzQSUyMCUyMlF1ZXN0aW9uJTIyJTJDJTBBJTIwJTIwJTIwJTIwJTIwJTIwJTIwJTIwJTIwJTIwJTIybmFtZSUyMiUzQSUyMCUyMldhcnVtJTIwc29sbHRlJTIwaWNoJTIwZGlyZWt0JTIwJUMzJUJDYmVyJTIwZGllJTIwb2ZmaXppZWxsZSUyMFdlYnNpdGUlMjBidWNoZW4lM0YlMjIlMkMlMEElMjAlMjAlMjAlMjAlMjAlMjAlMjAlMjAlMjAlMjAlMjJhY2NlcHRlZEFuc3dlciUyMiUzQSUyMCU3QiUwQSUyMCUyMCUyMCUyMCUyMCUyMCUyMCUyMCUyMCUyMCUyMCUyMCUyMiU0MHR5cGUlMjIlM0ElMjAlMjJBbnN3ZXIlMjIlMkMlMEElMjAlMjAlMjAlMjAlMjAlMjAlMjAlMjAlMjAlMjAlMjAlMjAlMjJ0ZXh0JTIyJTNBJTIwJTIyRWluZSUyMERpcmVrdGJ1Y2h1bmclMjAlQzMlQkNiZXIlMjBkaWUlMjBvZmZpemllbGxlJTIwV2Vic2l0ZSUyMGRlcyUyMEhvdGVsJTIwSGFubm92ZXIlMjBnYXJhbnRpZXJ0JTIwZGVuJTIwYmVzdGVuJTIwdmVyZiVDMyVCQ2diYXJlbiUyMFByZWlzJTIwdW5kJTIwQnVjaHVuZ3NiZWRpbmd1bmdlbi4lMjIlMEElMjAlMjAlMjAlMjAlMjAlMjAlMjAlMjAlMjAlMjAlN0QlMEElMjAlMjAlMjAlMjAlMjAlMjAlMjAlMjAlN0QlMEElMjAlMjAlMjAlMjAlMjAlMjAlNUQlMEElMjAlMjAlMjAlMjAlN0QlMkMlMEElMjAlMjAlMjAlMjAlN0IlMEElMjAlMjAlMjAlMjAlMjAlMjAlMjIlNDB0eXBlJTIyJTNBJTIwJTIySG90ZWwlMjIlMkMlMEElMjAlMjAlMjAlMjAlMjAlMjAlMjIlNDBpZCUyMiUzQSUyMCUyMmh0dHBzJTNBJTJGJTJGd3d3LmhvdGVsaGFubm92ZXIuY29tJTJGZGUlMkYlMjNsb2NhbGJ1c2luZXNzJTIyJTJDJTBBJTIwJTIwJTIwJTIwJTIwJTIwJTIybmFtZSUyMiUzQSUyMCUyMkhvdGVsJTIwSGFubm92ZXIlMjIlMkMlMEElMjAlMjAlMjAlMjAlMjAlMjAlMjJ1cmwlMjIlM0ElMjAlMjJodHRwcyUzQSUyRiUyRnd3dy5ob3RlbGhhbm5vdmVyLmNvbSUyRmRlJTJGJTIyJTJDJTBBJTIwJTIwJTIwJTIwJTIwJTIwJTIyaW1hZ2UlMjIlM0ElMjAlMjJodHRwcyUzQSUyRiUyRndpZGdldC5jdXN0b21lci1hbGxpYW5jZS5jb20lMkZyZXZpZXdzJTJGaW1hZ2UlMkZkZSUyRmhvdGVsLWhhbm5vdmVyLWdyYWRvJTJGMnZKVzM0MjQxZ0Y0LTI2My0yMDAtc2xpbXJhbmsucG5nJTNGc21hbGxoZWlnaHQlM0QwJTI2c2hvd1Jldmlld1RleHQlM0QwJTI2c2hvd0F2ZXJhZ2VSYXRpbmclM0QxJTI2c2hvd1RvdGFsUmV2aWV3cyUzRDElMjZzaG93TnVtYmVyT2ZQb3J0YWxzJTNEMSUyNmhlYWRlckJnQ29sb3IlM0RhODNkM2QlMjZyYXRpbmdWYWx1ZUNvbG9yJTNEMzQzNDM0JTIyJTJDJTBBJTIwJTIwJTIwJTIwJTIwJTIwJTIycHJpY2VSYW5nZSUyMiUzQSUyMCUyMiUyNCUyNCUyNCUyMiUyQyUwQSUyMCUyMCUyMCUyMCUyMCUyMCUyMnRlbGVwaG9uZSUyMiUzQSUyMCUyMiUyQjM5JTIwMDQzMSUyMDgyMjY0JTIyJTJDJTBBJTIwJTIwJTIwJTIwJTIwJTIwJTIyZmF4TnVtYmVyJTIyJTNBJTIwJTIyJTJCMzklMjAwNDMxJTIwODIxNDElMjIlMkMlMEElMjAlMjAlMjAlMjAlMjAlMjAlMjJlbWFpbCUyMiUzQSUyMCUyMmluZm8lNDBob3RlbGhhbm5vdmVyLmNvbSUyMiUyQyUwQSUyMCUyMCUyMCUyMCUyMCUyMCUyMmFkZHJlc3MlMjIlM0ElMjAlN0IlMEElMjAlMjAlMjAlMjAlMjAlMjAlMjAlMjAlMjIlNDB0eXBlJTIyJTNBJTIwJTIyUG9zdGFsQWRkcmVzcyUyMiUyQyUwQSUyMCUyMCUyMCUyMCUyMCUyMCUyMCUyMCUyMnN0cmVldEFkZHJlc3MlMjIlM0ElMjAlMjJQaWF6emElMjBYWFZJJTIwTWFnZ2lvJTJDJTIwMTAlMjIlMkMlMEElMjAlMjAlMjAlMjAlMjAlMjAlMjAlMjAlMjJwb3N0YWxDb2RlJTIyJTNBJTIwJTIyMzQwNzMlMjIlMkMlMEElMjAlMjAlMjAlMjAlMjAlMjAlMjAlMjAlMjJhZGRyZXNzTG9jYWxpdHklMjIlM0ElMjAlMjJHcmFkbyUyMiUyQyUwQSUyMCUyMCUyMCUyMCUyMCUyMCUyMCUyMCUyMmFkZHJlc3NSZWdpb24lMjIlM0ElMjAlMjJHTyUyMiUyQyUwQSUyMCUyMCUyMCUyMCUyMCUyMCUyMCUyMCUyMmFkZHJlc3NDb3VudHJ5JTIyJTNBJTIwJTIySVQlMjIlMEElMjAlMjAlMjAlMjAlMjAlMjAlN0QlMkMlMEElMjAlMjAlMjAlMjAlMjAlMjAlMjJpbkxhbmd1YWdlJTIyJTNBJTIwJTIyZGUlMjIlMkMlMEElMjAlMjAlMjAlMjAlMjAlMjAlMjJwYXJlbnRPcmdhbml6YXRpb24lMjIlM0ElMjAlN0IlMEElMjAlMjAlMjAlMjAlMjAlMjAlMjAlMjAlMjIlNDBpZCUyMiUzQSUyMCUyMmh0dHBzJTNBJTJGJTJGd3d3LmhvdGVsaGFubm92ZXIuY29tJTJGZGUlMkYlMjNvcmdhbml6YXRpb24lMjIlMEElMjAlMjAlMjAlMjAlMjAlMjAlN0QlMEElMjAlMjAlMjAlMjAlN0QlMkMlMEElMjAlMjAlMjAlMjAlN0IlMEElMjAlMjAlMjAlMjAlMjAlMjAlMjIlNDB0eXBlJTIyJTNBJTIwJTIyT3JnYW5pemF0aW9uJTIyJTJDJTBBJTIwJTIwJTIwJTIwJTIwJTIwJTIyJTQwaWQlMjIlM0ElMjAlMjJodHRwcyUzQSUyRiUyRnd3dy5ob3RlbGhhbm5vdmVyLmNvbSUyRmRlJTJGJTIzb3JnYW5pemF0aW9uJTIyJTJDJTBBJTIwJTIwJTIwJTIwJTIwJTIwJTIybmFtZSUyMiUzQSUyMCUyMkhlbGlvcyUyMHMuci5sLiUyMiUyQyUwQSUyMCUyMCUyMCUyMCUyMCUyMCUyMnVybCUyMiUzQSUyMCUyMmh0dHBzJTNBJTJGJTJGd3d3LmhvdGVsaGFubm92ZXIuY29tJTJGZGUlMkYlMjIlMkMlMEElMjAlMjAlMjAlMjAlMjAlMjAlMjJ2YXRJRCUyMiUzQSUyMCUyMklUMDA0NTAwNjAzMTQlMjIlMkMlMEElMjAlMjAlMjAlMjAlMjAlMjAlMjJ0ZWxlcGhvbmUlMjIlM0ElMjAlMjIlMkIzOSUyMDA0MzElMjA4MjI2NCUyMiUyQyUwQSUyMCUyMCUyMCUyMCUyMCUyMCUyMmVtYWlsJTIyJTNBJTIwJTIyaW5mbyU0MGhvdGVsaGFubm92ZXIuY29tJTIyJTJDJTBBJTIwJTIwJTIwJTIwJTIwJTIwJTIyYWRkcmVzcyUyMiUzQSUyMCU3QiUwQSUyMCUyMCUyMCUyMCUyMCUyMCUyMCUyMCUyMiU0MHR5cGUlMjIlM0ElMjAlMjJQb3N0YWxBZGRyZXNzJTIyJTJDJTBBJTIwJTIwJTIwJTIwJTIwJTIwJTIwJTIwJTIyc3RyZWV0QWRkcmVzcyUyMiUzQSUyMCUyMlBpYXp6YSUyMFhYVkklMjBNYWdnaW8lMkMlMjAxMCUyMiUyQyUwQSUyMCUyMCUyMCUyMCUyMCUyMCUyMCUyMCUyMnBvc3RhbENvZGUlMjIlM0ElMjAlMjIzNDA3MyUyMiUyQyUwQSUyMCUyMCUyMCUyMCUyMCUyMCUyMCUyMCUyMmFkZHJlc3NMb2NhbGl0eSUyMiUzQSUyMCUyMkdyYWRvJTIyJTJDJTBBJTIwJTIwJTIwJTIwJTIwJTIwJTIwJTIwJTIyYWRkcmVzc1JlZ2lvbiUyMiUzQSUyMCUyMkdPJTIyJTJDJTBBJTIwJTIwJTIwJTIwJTIwJTIwJTIwJTIwJTIyYWRkcmVzc0NvdW50cnklMjIlM0ElMjAlMjJJVCUyMiUwQSUyMCUyMCUyMCUyMCUyMCUyMCU3RCUwQSUyMCUyMCUyMCUyMCU3RCUwQSUyMCUyMCU1RCUwQSU3RCUwQSUzQyUyRnNjcmlwdCUzRQ==[\/vc_raw_js][\/vc_column][\/vc_row][vc_row disable_element=&#8220;yes&#8220; el_class=&#8220;component-index&#8220;][vc_column][vc_row_inner el_class=&#8220;wrap&#8220;][vc_column_inner][vc_raw_html]JTNDZGl2JTIwY2xhc3MlM0QlMjJib3gtaW5kZXgtc2VjdGlvbjUlMjIlM0UlMEElM0NkaXYlMjBjbGFzcyUzRCUyMmJveC1pbmRleC1nYWxsZXJpYSUyMiUzRSUwQSUzQ2ltZyUyMHNyYyUzRCUyMmh0dHBzJTNBJTJGJTJGd3d3LmhvdGVsaGFubm92ZXIuY29tJTJGd3AtY29udGVudCUyRnVwbG9hZHMlMkYyMDE2JTJGMDElMkYwMS5qcGclMjIlMjAlMkYlM0UlMEElM0NoMiUzRSUzQ2ElMjBocmVmJTNEJTIyaHR0cHMlM0ElMkYlMkZ3d3cuaG90ZWxoYW5ub3Zlci5jb20lMkZkZSUyRmdyYWRvJTJGJTIyJTNFR3JhZG8lM0MlMkZhJTNFJTNDJTJGaDIlM0UlMEElM0MlMkZkaXYlM0UlMEElM0NkaXYlMjBjbGFzcyUzRCUyMmJveC1pbmRleC1zZXJ2aXppJTIyJTNFJTBBJTNDaW1nJTIwc3JjJTNEJTIyaHR0cHMlM0ElMkYlMkZ3d3cuaG90ZWxoYW5ub3Zlci5jb20lMkZ3cC1jb250ZW50JTJGdXBsb2FkcyUyRjIwMTMlMkYwOSUyRjAyLW5ldy5qcGclMjIlMjAlMkYlM0UlMEElM0NoMiUzRSUzQ2ElMjBocmVmJTNEJTIyaHR0cHMlM0ElMkYlMkZ3d3cuaG90ZWxoYW5ub3Zlci5jb20lMkZkZSUyRnppbW1lciUyRiUyMiUzRVppbW1lciUzQyUyRmElM0UlM0MlMkZoMiUzRSUwQSUzQyUyRmRpdiUzRSUwQSUzQyUyRmRpdiUzRSUwQSUwQSUzQ2RpdiUyMGNsYXNzJTNEJTIyYm94LWluZGV4LXNlY3Rpb241JTIyJTNFJTBBJTNDZGl2JTIwY2xhc3MlM0QlMjJib3gtaW5kZXgtc2Vydml6aSUyMiUzRSUwQSUzQ2ltZyUyMHNyYyUzRCUyMmh0dHBzJTNBJTJGJTJGd3d3LmhvdGVsaGFubm92ZXIuY29tJTJGd3AtY29udGVudCUyRnVwbG9hZHMlMkYyMDE2JTJGMDElMkYwMy5qcGclMjIlMjAlMkYlM0UlMEElM0MlMkZkaXYlM0UlMEElM0NkaXYlMjBjbGFzcyUzRCUyMmJveC1pbmRleC1zZXJ2aXppJTIyJTNFJTBBJTNDaW1nJTIwc3JjJTNEJTIyaHR0cHMlM0ElMkYlMkZ3d3cuaG90ZWxoYW5ub3Zlci5jb20lMkZ3cC1jb250ZW50JTJGdXBsb2FkcyUyRjIwMTYlMkYwMSUyRjA0LmpwZyUyMiUyMCUyRiUzRSUwQSUzQ2gyJTNFJTNDYSUyMGhyZWYlM0QlMjJodHRwcyUzQSUyRiUyRnd3dy5ob3RlbGhhbm5vdmVyLmNvbSUyRmRlJTJGaG90ZWwtaW0tZ3JhZG8taGlzdG9yaXNjaGUtemVudHJ1bSUyRiUyMiUzRUxhZ2UlM0MlMkZhJTNFJTNDJTJGaDIlM0UlMEElM0MlMkZkaXYlM0UlMEElM0NkaXYlMjBjbGFzcyUzRCUyMmJveC1pbmRleC1zZXJ2aXppJTIyJTNFJTBBJTNDaW1nJTIwc3JjJTNEJTIyaHR0cHMlM0ElMkYlMkZ3d3cuaG90ZWxoYW5ub3Zlci5jb20lMkZ3cC1jb250ZW50JTJGdXBsb2FkcyUyRjIwMTYlMkYwMSUyRjA1LmpwZyUyMiUyMCUyRiUzRSUwQSUzQyUyRmRpdiUzRSUwQSUzQyUyRmRpdiUzRSUwQQ==[\/vc_raw_html][\/vc_column_inner][\/vc_row_inner][\/vc_column][\/vc_row]\n<\/div>","protected":false},"excerpt":{"rendered":"<p>[vc_row el_class=&#8220;wrap icone-home&#8220;][vc_column][vc_column_text] Hotel Hannover Grado Im Herzen von Grado [\/vc_column_text][\/vc_column][\/vc_row][vc_row][vc_column][vc_empty_space][\/vc_column][\/vc_row][vc_row el_class=&#8220;box-index wrap&#8220;][vc_column][vc_column_text el_class=&#8220;wrap&#8220;]Das Hotel Hannover, ein Juwel mit 4 Sternen, bietet dank all seiner Annehmlichkeiten ein unvergessliches Urlaubserlebnis. Das Personal steht Ihnen jederzeit zur Verf\u00fcgung, um Ihnen die Geheimnisse der Isola del Sole, eines der bezauberndsten Reiseziele an der Adria, zu enth\u00fcllen. Das im [&hellip;]<\/p>\n","protected":false},"author":29,"featured_media":0,"parent":0,"menu_order":0,"comment_status":"open","ping_status":"open","template":"","meta":{"_genesis_hide_title":false,"_genesis_hide_breadcrumbs":false,"_genesis_hide_singular_image":false,"_genesis_hide_footer_widgets":false,"_genesis_custom_body_class":"","_genesis_custom_post_class":"","_genesis_layout":"","footnotes":""},"class_list":{"0":"post-117","1":"page","2":"type-page","3":"status-publish","5":"entry"},"yoast_head":"<!-- This site is optimized with the Yoast SEO plugin v25.7 - https:\/\/yoast.com\/wordpress\/plugins\/seo\/ -->\n<title>4-Sterne-Hotel in Grado | Offizielle Seite<\/title>\n<meta name=\"description\" content=\"4-Sterne-Hotel in Grado, ideal f\u00fcr einen romantischen und erholsamen Aufenthalt. Hotel mit Parkplatz, Weinbar, Fahrradverleih und Partnerschaft mit den \u00f6rtlichen Badeanstalten.\" \/>\n<meta name=\"robots\" content=\"index, follow, max-snippet:-1, max-image-preview:large, max-video-preview:-1\" \/>\n<link rel=\"canonical\" href=\"https:\/\/www.hotelhannover.com\/de\/\" \/>\n<meta property=\"og:locale\" content=\"de_DE\" \/>\n<meta property=\"og:type\" content=\"article\" \/>\n<meta property=\"og:title\" content=\"4-Sterne-Hotel in Grado | Offizielle Seite\" \/>\n<meta property=\"og:description\" content=\"4-Sterne-Hotel in Grado, ideal f\u00fcr einen romantischen und erholsamen Aufenthalt. Hotel mit Parkplatz, Weinbar, Fahrradverleih und Partnerschaft mit den \u00f6rtlichen Badeanstalten.\" \/>\n<meta property=\"og:url\" content=\"https:\/\/www.hotelhannover.com\/de\/\" \/>\n<meta property=\"og:site_name\" content=\"Hotel Hannover\" \/>\n<meta property=\"article:modified_time\" content=\"2026-02-12T08:55:16+00:00\" \/>\n<meta property=\"og:image\" content=\"https:\/\/widget.customer-alliance.com\/reviews\/image\/de\/hotel-hannover-grado\/2vJW34241gF4-263-200-slimrank.png?smallheight=0&amp;showReviewText=0&amp;showAverageRating=1&amp;showTotalReviews=1&amp;showNumberOfPortals=1&amp;headerBgColor=a83d3d&amp;ratingValueColor=343434\" \/>\n<meta name=\"twitter:label1\" content=\"Gesch\u00e4tzte Lesezeit\" \/>\n\t<meta name=\"twitter:data1\" content=\"2\u00a0Minuten\" \/>\n<script type=\"application\/ld+json\" class=\"yoast-schema-graph\">{\"@context\":\"https:\/\/schema.org\",\"@graph\":[{\"@type\":\"WebPage\",\"@id\":\"https:\/\/www.hotelhannover.com\/de\/\",\"url\":\"https:\/\/www.hotelhannover.com\/de\/\",\"name\":\"4-Sterne-Hotel in Grado | Offizielle Seite\",\"isPartOf\":{\"@id\":\"https:\/\/www.hotelhannover.com\/de\/#website\"},\"primaryImageOfPage\":{\"@id\":\"https:\/\/www.hotelhannover.com\/de\/#primaryimage\"},\"image\":{\"@id\":\"https:\/\/www.hotelhannover.com\/de\/#primaryimage\"},\"thumbnailUrl\":\"https:\/\/widget.customer-alliance.com\/reviews\/image\/de\/hotel-hannover-grado\/2vJW34241gF4-263-200-slimrank.png?smallheight=0&amp;showReviewText=0&amp;showAverageRating=1&amp;showTotalReviews=1&amp;showNumberOfPortals=1&amp;headerBgColor=a83d3d&amp;ratingValueColor=343434\",\"datePublished\":\"2013-09-03T15:09:50+00:00\",\"dateModified\":\"2026-02-12T08:55:16+00:00\",\"description\":\"4-Sterne-Hotel in Grado, ideal f\u00fcr einen romantischen und erholsamen Aufenthalt. Hotel mit Parkplatz, Weinbar, Fahrradverleih und Partnerschaft mit den \u00f6rtlichen Badeanstalten.\",\"breadcrumb\":{\"@id\":\"https:\/\/www.hotelhannover.com\/de\/#breadcrumb\"},\"inLanguage\":\"de\",\"potentialAction\":[{\"@type\":\"ReadAction\",\"target\":[\"https:\/\/www.hotelhannover.com\/de\/\"]}]},{\"@type\":\"ImageObject\",\"inLanguage\":\"de\",\"@id\":\"https:\/\/www.hotelhannover.com\/de\/#primaryimage\",\"url\":\"https:\/\/widget.customer-alliance.com\/reviews\/image\/de\/hotel-hannover-grado\/2vJW34241gF4-263-200-slimrank.png?smallheight=0&amp;showReviewText=0&amp;showAverageRating=1&amp;showTotalReviews=1&amp;showNumberOfPortals=1&amp;headerBgColor=a83d3d&amp;ratingValueColor=343434\",\"contentUrl\":\"https:\/\/widget.customer-alliance.com\/reviews\/image\/de\/hotel-hannover-grado\/2vJW34241gF4-263-200-slimrank.png?smallheight=0&amp;showReviewText=0&amp;showAverageRating=1&amp;showTotalReviews=1&amp;showNumberOfPortals=1&amp;headerBgColor=a83d3d&amp;ratingValueColor=343434\"},{\"@type\":\"BreadcrumbList\",\"@id\":\"https:\/\/www.hotelhannover.com\/de\/#breadcrumb\",\"itemListElement\":[{\"@type\":\"ListItem\",\"position\":1,\"name\":\"Home\",\"item\":\"https:\/\/www.hotelhannover.com\/de\/\"},{\"@type\":\"ListItem\",\"position\":2,\"name\":\"Home\"}]},{\"@type\":\"WebSite\",\"@id\":\"https:\/\/www.hotelhannover.com\/de\/#website\",\"url\":\"https:\/\/www.hotelhannover.com\/de\/\",\"name\":\"Hotel Hannover\",\"description\":\"\",\"potentialAction\":[{\"@type\":\"SearchAction\",\"target\":{\"@type\":\"EntryPoint\",\"urlTemplate\":\"https:\/\/www.hotelhannover.com\/de\/?s={search_term_string}\"},\"query-input\":{\"@type\":\"PropertyValueSpecification\",\"valueRequired\":true,\"valueName\":\"search_term_string\"}}],\"inLanguage\":\"de\"}]}<\/script>\n<!-- \/ Yoast SEO plugin. -->","yoast_head_json":{"title":"4-Sterne-Hotel in Grado | Offizielle Seite","description":"4-Sterne-Hotel in Grado, ideal f\u00fcr einen romantischen und erholsamen Aufenthalt. Hotel mit Parkplatz, Weinbar, Fahrradverleih und Partnerschaft mit den \u00f6rtlichen Badeanstalten.","robots":{"index":"index","follow":"follow","max-snippet":"max-snippet:-1","max-image-preview":"max-image-preview:large","max-video-preview":"max-video-preview:-1"},"canonical":"https:\/\/www.hotelhannover.com\/de\/","og_locale":"de_DE","og_type":"article","og_title":"4-Sterne-Hotel in Grado | Offizielle Seite","og_description":"4-Sterne-Hotel in Grado, ideal f\u00fcr einen romantischen und erholsamen Aufenthalt. Hotel mit Parkplatz, Weinbar, Fahrradverleih und Partnerschaft mit den \u00f6rtlichen Badeanstalten.","og_url":"https:\/\/www.hotelhannover.com\/de\/","og_site_name":"Hotel Hannover","article_modified_time":"2026-02-12T08:55:16+00:00","og_image":[{"url":"https:\/\/widget.customer-alliance.com\/reviews\/image\/de\/hotel-hannover-grado\/2vJW34241gF4-263-200-slimrank.png?smallheight=0&amp;showReviewText=0&amp;showAverageRating=1&amp;showTotalReviews=1&amp;showNumberOfPortals=1&amp;headerBgColor=a83d3d&amp;ratingValueColor=343434","type":"","width":"","height":""}],"twitter_misc":{"Gesch\u00e4tzte Lesezeit":"2\u00a0Minuten"},"schema":{"@context":"https:\/\/schema.org","@graph":[{"@type":"WebPage","@id":"https:\/\/www.hotelhannover.com\/de\/","url":"https:\/\/www.hotelhannover.com\/de\/","name":"4-Sterne-Hotel in Grado | Offizielle Seite","isPartOf":{"@id":"https:\/\/www.hotelhannover.com\/de\/#website"},"primaryImageOfPage":{"@id":"https:\/\/www.hotelhannover.com\/de\/#primaryimage"},"image":{"@id":"https:\/\/www.hotelhannover.com\/de\/#primaryimage"},"thumbnailUrl":"https:\/\/widget.customer-alliance.com\/reviews\/image\/de\/hotel-hannover-grado\/2vJW34241gF4-263-200-slimrank.png?smallheight=0&amp;showReviewText=0&amp;showAverageRating=1&amp;showTotalReviews=1&amp;showNumberOfPortals=1&amp;headerBgColor=a83d3d&amp;ratingValueColor=343434","datePublished":"2013-09-03T15:09:50+00:00","dateModified":"2026-02-12T08:55:16+00:00","description":"4-Sterne-Hotel in Grado, ideal f\u00fcr einen romantischen und erholsamen Aufenthalt. Hotel mit Parkplatz, Weinbar, Fahrradverleih und Partnerschaft mit den \u00f6rtlichen Badeanstalten.","breadcrumb":{"@id":"https:\/\/www.hotelhannover.com\/de\/#breadcrumb"},"inLanguage":"de","potentialAction":[{"@type":"ReadAction","target":["https:\/\/www.hotelhannover.com\/de\/"]}]},{"@type":"ImageObject","inLanguage":"de","@id":"https:\/\/www.hotelhannover.com\/de\/#primaryimage","url":"https:\/\/widget.customer-alliance.com\/reviews\/image\/de\/hotel-hannover-grado\/2vJW34241gF4-263-200-slimrank.png?smallheight=0&amp;showReviewText=0&amp;showAverageRating=1&amp;showTotalReviews=1&amp;showNumberOfPortals=1&amp;headerBgColor=a83d3d&amp;ratingValueColor=343434","contentUrl":"https:\/\/widget.customer-alliance.com\/reviews\/image\/de\/hotel-hannover-grado\/2vJW34241gF4-263-200-slimrank.png?smallheight=0&amp;showReviewText=0&amp;showAverageRating=1&amp;showTotalReviews=1&amp;showNumberOfPortals=1&amp;headerBgColor=a83d3d&amp;ratingValueColor=343434"},{"@type":"BreadcrumbList","@id":"https:\/\/www.hotelhannover.com\/de\/#breadcrumb","itemListElement":[{"@type":"ListItem","position":1,"name":"Home","item":"https:\/\/www.hotelhannover.com\/de\/"},{"@type":"ListItem","position":2,"name":"Home"}]},{"@type":"WebSite","@id":"https:\/\/www.hotelhannover.com\/de\/#website","url":"https:\/\/www.hotelhannover.com\/de\/","name":"Hotel Hannover","description":"","potentialAction":[{"@type":"SearchAction","target":{"@type":"EntryPoint","urlTemplate":"https:\/\/www.hotelhannover.com\/de\/?s={search_term_string}"},"query-input":{"@type":"PropertyValueSpecification","valueRequired":true,"valueName":"search_term_string"}}],"inLanguage":"de"}]}},"publishpress_future_action":{"enabled":false,"date":"2026-04-27 07:51:44","action":"change-status","newStatus":"draft","terms":[],"taxonomy":"translation_priority","extraData":[]},"publishpress_future_workflow_manual_trigger":{"enabledWorkflows":[]},"_links":{"self":[{"href":"https:\/\/www.hotelhannover.com\/de\/wp-json\/wp\/v2\/pages\/117","targetHints":{"allow":["GET"]}}],"collection":[{"href":"https:\/\/www.hotelhannover.com\/de\/wp-json\/wp\/v2\/pages"}],"about":[{"href":"https:\/\/www.hotelhannover.com\/de\/wp-json\/wp\/v2\/types\/page"}],"author":[{"embeddable":true,"href":"https:\/\/www.hotelhannover.com\/de\/wp-json\/wp\/v2\/users\/29"}],"replies":[{"embeddable":true,"href":"https:\/\/www.hotelhannover.com\/de\/wp-json\/wp\/v2\/comments?post=117"}],"version-history":[{"count":10,"href":"https:\/\/www.hotelhannover.com\/de\/wp-json\/wp\/v2\/pages\/117\/revisions"}],"predecessor-version":[{"id":2401,"href":"https:\/\/www.hotelhannover.com\/de\/wp-json\/wp\/v2\/pages\/117\/revisions\/2401"}],"wp:attachment":[{"href":"https:\/\/www.hotelhannover.com\/de\/wp-json\/wp\/v2\/media?parent=117"}],"curies":[{"name":"wp","href":"https:\/\/api.w.org\/{rel}","templated":true}]}}